{"id":131,"date":"2015-09-21T23:17:22","date_gmt":"2015-09-21T23:17:22","guid":{"rendered":"http:\/\/myuniversity.skat.tf\/?page_id=131"},"modified":"2017-10-31T13:15:49","modified_gmt":"2017-10-31T13:15:49","slug":"about-us","status":"publish","type":"page","link":"http:\/\/uprohhaiti.com\/uproh\/fr\/about-us\/","title":{"rendered":"Note du Recteur"},"content":{"rendered":"<div class=\"wpb_row clearfix vc_row-fluid\"><div class=\"container\"><div class=\"sd-centered-wrapper\">\n\t<div class=\"vc_col-sm-12 wpb_column vc_column_container \">\n\t\t<div class=\"wpb_wrapper\">\n\t\t\t\t<div class=\"vc_empty_space\"  style=\"height: 80px\" ><span\n\t\t\tclass=\"vc_empty_space_inner\"><\/span><\/div>\n\n\n\t<div class=\"wpb_text_column wpb_content_element \">\n\t\t<div class=\"wpb_wrapper\">\n\t\t\t<h2 style=\"text-align: center;\">Note du Recteur<\/h2>\n\n\t\t<\/div> \n\t<\/div> \t<div class=\"vc_empty_space\"  style=\"height: 20px\" ><span\n\t\t\tclass=\"vc_empty_space_inner\"><\/span><\/div>\n\n\n\t<div class=\"wpb_text_column wpb_content_element \">\n\t\t<div class=\"wpb_wrapper\">\n\t\t\t<p>C\u2019est avec grande anticipation que je vous pr\u00e9sente aujourd\u2019hui l\u2019Universit\u00e9 Providence d\u2019Ha\u00efti, UPROH, une universit\u00e9 Chr\u00e9tienne visant \u00e0 former des hommes et des femmes pour une transformation radicale de notre soci\u00e9t\u00e9 ha\u00eftienne et des nations en g\u00e9n\u00e9ral. L\u2019enseignement de l\u2019Universit\u00e9 Providence d\u2019Ha\u00efti est bas\u00e9 sur des principes jud\u00e9o-chr\u00e9tiens et se veut moderne et adapt\u00e9.<\/p>\n<p>Nous comprenons que les solutions de ce monde viendront des hommes et des femmes de caract\u00e8re qui appliqueront rigoureusement les principes de leadership test\u00e9s \u00e0 travers les \u00e2ges et \u00e9prouv\u00e9s par le contexte mondial actuel. Ainsi, \u00e0 l\u2019Universit\u00e9 Providence d\u2019Ha\u00efti, notre vision est claire et bien d\u00e9finie, notre philosophie d\u2019\u00e9ducation et nos principes directeurs seront constamment nos guides et nous d\u00e9clarons avec fiert\u00e9 que nous sommes en route vers l\u2019atteinte de notre mission. L\u2019Universit\u00e9 Providence d\u2019Ha\u00efti, avec ses r\u00e9sidences modernes et ses structures parasismiques, se propose de devenir le plus grand centre de recherche national et un mod\u00e8le d\u2019Universit\u00e9 en Ha\u00efti.<\/p>\n<p>Ce site vous pr\u00e9sente les grandes lignes de notre orientation, les informations acad\u00e9miques et financi\u00e8res, ainsi que quelques d\u00e9tails sur la vie universitaire. Puisse Dieu vous guider \u00e0 faire le meilleur choix acad\u00e9mique de votre vie qui est d\u2019investir dans une \u00e9ducation \u00e0 impact durable !<\/p>\n<p>Jean Marc Zamor, Recteur<\/p>\n\n\t\t<\/div> \n\t<\/div> \t<div class=\"vc_empty_space\"  style=\"height: 20px\" ><span\n\t\t\tclass=\"vc_empty_space_inner\"><\/span><\/div>\n\n\n\t\t<\/div> \n\t<\/div> \n<\/div><\/div><\/div><div class=\"wpb_row clearfix vc_row-fluid vc_custom_1411514598602\">\n\t<div class=\"vc_col-sm-12 wpb_column vc_column_container \">\n\t\t<div class=\"wpb_wrapper\">\n\t\t\t<div class=\"wpb_row clearfix vc_row-fluid\"><div class=\"container\"><div class=\"sd-centered-wrapper\">\n\t<div class=\"vc_col-sm-12 wpb_column vc_column_container \">\n\t\t<div class=\"wpb_wrapper\">\n\t\t\t\t<div class=\"vc_empty_space\"  style=\"height: 70px\" ><span\n\t\t\tclass=\"vc_empty_space_inner\"><\/span><\/div>\n\n\n\t<div class=\"wpb_text_column wpb_content_element \">\n\t\t<div class=\"wpb_wrapper\">\n\t\t\t<h2 style=\"text-align: center;\">Page en construction&#8230;.<\/h2>\n\n\t\t<\/div> \n\t<\/div> \t<div class=\"vc_empty_space\"  style=\"height: 40px\" ><span\n\t\t\tclass=\"vc_empty_space_inner\"><\/span><\/div>\n\n\n\t\t<\/div> \n\t<\/div> \n<\/div><\/div><\/div>\n\t\t<\/div> \n\t<\/div> \n<\/div>\n","protected":false},"excerpt":{"rendered":"<p><a class=\"more-link\" href=\"http:\/\/uprohhaiti.com\/uproh\/fr\/about-us\/#more-131\">Read More<\/a><\/p>\n","protected":false},"author":1,"featured_media":0,"parent":0,"menu_order":0,"comment_status":"open","ping_status":"closed","template":"full-width-page.php","meta":[],"_links":{"self":[{"href":"http:\/\/uprohhaiti.com\/uproh\/wp-json\/wp\/v2\/pages\/131"}],"collection":[{"href":"http:\/\/uprohhaiti.com\/uproh\/wp-json\/wp\/v2\/pages"}],"about":[{"href":"http:\/\/uprohhaiti.com\/uproh\/wp-json\/wp\/v2\/types\/page"}],"author":[{"embeddable":true,"href":"http:\/\/uprohhaiti.com\/uproh\/wp-json\/wp\/v2\/users\/1"}],"replies":[{"embeddable":true,"href":"http:\/\/uprohhaiti.com\/uproh\/wp-json\/wp\/v2\/comments?post=131"}],"version-history":[{"count":6,"href":"http:\/\/uprohhaiti.com\/uproh\/wp-json\/wp\/v2\/pages\/131\/revisions"}],"predecessor-version":[{"id":1022,"href":"http:\/\/uprohhaiti.com\/uproh\/wp-json\/wp\/v2\/pages\/131\/revisions\/1022"}],"wp:attachment":[{"href":"http:\/\/uprohhaiti.com\/uproh\/wp-json\/wp\/v2\/media?parent=131"}],"curies":[{"name":"wp","href":"https:\/\/api.w.org\/{rel}","templated":true}]}}