{"id":867,"date":"2017-01-26T15:03:15","date_gmt":"2017-01-26T15:03:15","guid":{"rendered":"http:\/\/uprohhaiti.com\/uproh\/?page_id=867"},"modified":"2017-07-29T13:53:58","modified_gmt":"2017-07-29T13:53:58","slug":"licence_en_phytotechnie","status":"publish","type":"page","link":"http:\/\/uprohhaiti.com\/uproh\/fr\/licence_en_phytotechnie\/","title":{"rendered":"Licence en Phytotechnie"},"content":{"rendered":"<div class=\"wpb_row clearfix vc_row-fluid\">\n\t<div class=\"vc_col-sm-12 wpb_column vc_column_container \">\n\t\t<div class=\"wpb_wrapper\">\n\t\t\t<div id=\"sd-tabs-1\" class=\"sd-tabs  sd-tabs-visibility no-js  \"><div class=\"sd-tab-content\"><ul class=\"clearfix sd-tab-titles\"><li><a href=\"#sd-tab-presentation\">Presentation<\/a><\/li><li><a href=\"#sd-tab-admission-exigences\">Admission &amp; Exigences<\/a><\/li><li><a href=\"#sd-tab-liste-des-cours\">Liste des Cours<\/a><\/li><li><a href=\"#sd-tab-cout-et-financement\">Co\u00fbt et Financement<\/a><\/li><li><a href=\"#sd-tab-structure-annuelle\">Structure Annuelle<\/a><\/li><li><a href=\"#sd-tab-plan-de-cours\">Plan de Cours<\/a><\/li><\/ul><div id=\"sd-tab-presentation\" class=\"sd-tab\">\n\t<div class=\"wpb_text_column wpb_content_element \">\n\t\t<div class=\"wpb_wrapper\">\n\t\t\t<p>Pr\u00e9sentation<\/p>\n<hr \/>\n<p>Je suis un bloc de texte, cliquez sur le bouton \\\u00a0\u00bb\u00e9diter\\\u00a0\u00bb pour me modifier. Lorem ipsum dolor sit amet, consectetur adipiscing elit. Ut elit tellus, luctus nec ullamcorper mattis, pulvinar dapibus leo.<\/p>\n<p>&nbsp;<\/p>\n<p>Objectifs<\/p>\n<hr \/>\n<p>Je suis un bloc de texte, cliquez sur le bouton \\\u00a0\u00bb\u00e9diter\\\u00a0\u00bb pour me modifier. Lorem ipsum dolor sit amet, consectetur adipiscing elit. Ut elit tellus, luctus nec ullamcorper mattis, pulvinar dapibus leo.<\/p>\n\n\t\t<\/div> \n\t<\/div> <\/div><div id=\"sd-tab-admission-exigences\" class=\"sd-tab\"><br \/>\n\n\t<div class=\"wpb_text_column wpb_content_element \">\n\t\t<div class=\"wpb_wrapper\">\n\t\t\t<p><strong>Effectuez vos demandes d&rsquo;admissions pour les sessions suivantes:<\/strong><\/p>\n<hr class=\"sd-colored\" \/>\n<ul>\n<li><em>F\u00e9vrier<\/em><\/li>\n<li><em>Octobre<\/em><\/li>\n<\/ul>\n<hr class=\"sd-colored\" \/>\n\n\t\t<\/div> \n\t<\/div> \n\t<div class=\"wpb_text_column wpb_content_element \">\n\t\t<div class=\"wpb_wrapper\">\n\t\t\t<p><strong>Conditions d&rsquo;admissibilit\u00e9<\/strong><\/p>\n<hr \/>\n<p>Pour \u00eatre admissible, le candidat\/postulant doit :<\/p>\n<ul>\n<li>\u00catre titulaire des dipl\u00f4mes d&rsquo;\u00e9tudes secondaires (bacc I et II)<\/li>\n<li>R\u00e9ussir le concours d&rsquo;admission<\/li>\n<\/ul>\n<hr \/>\n\n\t\t<\/div> \n\t<\/div> \n\t<div class=\"wpb_text_column wpb_content_element \">\n\t\t<div class=\"wpb_wrapper\">\n\t\t\t<p><strong>Documents \u00e0 fournir lors de la demande d&rsquo;admission<\/strong><\/p>\n<hr \/>\n<ol>\n<li>750 gourdes non remboursables pour les frais d&rsquo;inscription<\/li>\n<li>Photocopie d&rsquo;acte de naissance ou de passeport ou extrait des archives.<\/li>\n<li>Photocopie des certificats ou dipl\u00f4mes de fin d&rsquo;\u00e9tudes secondaires l\u00e9galis\u00e9s.<\/li>\n<li>Relev\u00e9 des notes obtenues au cours des examens de Bacc II l\u00e9galis\u00e9s.<\/li>\n<li>Le formulaire histoire m\u00e9dical d\u00fbment sign\u00e9 par un m\u00e9decin licenci\u00e9.<\/li>\n<li>2 photos d&rsquo;identit\u00e9 de date r\u00e9cente.<\/li>\n<li>Trois formulaires de recommandation dont l&rsquo;un par une autorit\u00e9 religieuse (Pasteur ou pr\u00eate), l&rsquo;autre par un ancien enseignant ou personnel acad\u00e9mique et l&rsquo;autre par un notable de votre communaut\u00e9.<\/li>\n<li>Le formulaire engagement financier d\u00fbment rempli.<\/li>\n<li>Photocopie de la carte d&rsquo;identification Nationale (CIN) et \u00a0de la carte d&rsquo;immatriculation fiscale (NIF).<\/li>\n<\/ol>\n\n\t\t<\/div> \n\t<\/div> <br \/>\n<\/div><div id=\"sd-tab-liste-des-cours\" class=\"sd-tab\">\n\t<div class=\"wpb_text_column wpb_content_element  vc_custom_1469566757307\">\n\t\t<div class=\"wpb_wrapper\">\n\t\t\t<p><strong>Cours\u00a0G\u00e9n\u00e9raux\u00a0<\/strong><\/p>\n<hr \/>\n<table style=\"height: 446px;\" border=\"0\" width=\"620\" cellspacing=\"1\">\n<tbody>\n<tr class=\"L1\">\n<td class=\"tdContenu\"><strong>Cours<\/strong><\/td>\n<td class=\"tdContenuR\"><strong>Cr\u00e9dits<\/strong><\/td>\n<\/tr>\n<tr class=\"L2\">\n<td class=\"tdContenu\">-Sciences Sociales I et II<\/td>\n<td class=\"tdContenuR\">6 cr\u00e9dits<\/td>\n<\/tr>\n<tr class=\"L1\">\n<td class=\"tdContenu\">-Psychologie g\u00e9n\u00e9rale<\/td>\n<td class=\"tdContenuR\">3 cr\u00e9dits<\/td>\n<\/tr>\n<tr class=\"L2\">\n<td class=\"tdContenu\">-Math\u00e9matiques<\/td>\n<td class=\"tdContenuR\">3 cr\u00e9dits<\/td>\n<\/tr>\n<tr class=\"L1\">\n<td class=\"tdContenu\">-Informatique<\/td>\n<td class=\"tdContenuR\">2 cr\u00e9dits<\/td>\n<\/tr>\n<tr class=\"L2\">\n<td class=\"tdContenu\">-Composition fran\u00e7aise<\/td>\n<td class=\"tdContenuR\">3 cr\u00e9dits<\/td>\n<\/tr>\n<tr class=\"L1\">\n<td class=\"tdContenu\">-M\u00e9thode de travail intellectuel<\/td>\n<td class=\"tdContenuR\">3 cr\u00e9dits<\/td>\n<\/tr>\n<tr class=\"L2\">\n<td class=\"tdContenu\">-Philosophie<\/td>\n<td class=\"tdContenuR\">3 cr\u00e9dits<\/td>\n<\/tr>\n<tr class=\"L1\">\n<td class=\"tdContenu\">-Orientation<\/td>\n<td class=\"tdContenuR\">\u00a00 cr\u00e9dit<\/td>\n<\/tr>\n<tr class=\"L2\">\n<td class=\"tdContenu\">-Education physique\/art ou musique au choix<\/td>\n<td class=\"tdContenuR\">2 cr\u00e9dits<\/td>\n<\/tr>\n<tr class=\"L1\">\n<td class=\"tdContenu\">-Sciences Biologiques<\/td>\n<td class=\"tdContenuR\">3 cr\u00e9dits<\/td>\n<\/tr>\n<tr class=\"L2\">\n<td class=\"tdContenu\">-Sciences physiques<\/td>\n<td class=\"tdContenuR\">3 cr\u00e9dits<\/td>\n<\/tr>\n<tr class=\"L1\">\n<td class=\"tdContenu\">-Le leadership<\/td>\n<td class=\"tdContenuR\">\u00a02 cr\u00e9dits<\/td>\n<\/tr>\n<tr class=\"L2\">\n<td class=\"tdContenu\">-Communication<\/td>\n<td class=\"tdContenuR\">3 cr\u00e9dits<\/td>\n<\/tr>\n<tr class=\"L1\">\n<td class=\"tdContenu\">-Introduction \u00e0 la litt\u00e9rature ou \u00e0 la sociologie<\/td>\n<td class=\"tdContenuR\">3 cr\u00e9dits<\/td>\n<\/tr>\n<tr class=\"L2\">\n<td class=\"tdContenu\">-Introduction \u00e0 la statistique<\/td>\n<td class=\"tdContenuR\">3 cr\u00e9dits<\/td>\n<\/tr>\n<tr class=\"L1\">\n<td class=\"tdContenu\"><strong><em>Total:<\/em><\/strong><\/td>\n<td class=\"tdContenuR\"><strong><em>42 cr\u00e9dits<\/em><\/strong><\/td>\n<\/tr>\n<\/tbody>\n<\/table>\n<hr \/>\n\n\t\t<\/div> \n\t<\/div> \n\t<div class=\"wpb_text_column wpb_content_element  vc_custom_1469567073135\">\n\t\t<div class=\"wpb_wrapper\">\n\t\t\t<p><strong>Cours Sp\u00e9cifiques\u00a0<\/strong><\/p>\n<hr \/>\n<table style=\"height: 500px;\" border=\"0\" width=\"620\" cellspacing=\"1\">\n<tbody>\n<tr class=\"L1\">\n<td class=\"tdContenu\"><strong>Cours<\/strong><\/td>\n<td class=\"tdContenuR\"><strong>Cr\u00e9dits<\/strong><\/td>\n<\/tr>\n<tr class=\"L2\">\n<td class=\"tdContenu\">-Comptabilit\u00e9 principe I<\/td>\n<td class=\"tdContenuR\">3 cr\u00e9dits<\/td>\n<\/tr>\n<tr class=\"L1\">\n<td class=\"tdContenu\">-Comptabilit\u00e9 principe II<\/td>\n<td class=\"tdContenuR\">3 cr\u00e9dits<\/td>\n<\/tr>\n<tr class=\"L2\">\n<td class=\"tdContenu\">-Comptabilit\u00e9 interm\u00e9diaire I<\/td>\n<td class=\"tdContenuR\">3 cr\u00e9dits<\/td>\n<\/tr>\n<tr class=\"L1\">\n<td class=\"tdContenu\">-Comptabilit\u00e9 interm\u00e9diaire II<\/td>\n<td class=\"tdContenuR\">3 cr\u00e9dits<\/td>\n<\/tr>\n<tr class=\"L2\">\n<td class=\"tdContenu\">-Math\u00e9matique financi\u00e8re<\/td>\n<td class=\"tdContenuR\">3 cr\u00e9dits<\/td>\n<\/tr>\n<tr class=\"L1\">\n<td class=\"tdContenu\">-Finance I<\/td>\n<td class=\"tdContenuR\">3 cr\u00e9dits<\/td>\n<\/tr>\n<tr class=\"L2\">\n<td class=\"tdContenu\">-Finance II<\/td>\n<td class=\"tdContenuR\">3 cr\u00e9dits<\/td>\n<\/tr>\n<tr class=\"L1\">\n<td class=\"tdContenu\">-Prix de revient I<\/td>\n<td class=\"tdContenuR\">3 cr\u00e9dits<\/td>\n<\/tr>\n<tr class=\"L2\">\n<td class=\"tdContenu\">-Prix de revient II<\/td>\n<td class=\"tdContenuR\">3 cr\u00e9dits<\/td>\n<\/tr>\n<tr class=\"L1\">\n<td class=\"tdContenu\">-Droit des affaires I<\/td>\n<td class=\"tdContenuR\">3 cr\u00e9dits<\/td>\n<\/tr>\n<tr class=\"L2\">\n<td class=\"tdContenu\">-Droit des affaires II<\/td>\n<td class=\"tdContenuR\">3 cr\u00e9dits<\/td>\n<\/tr>\n<tr class=\"L1\">\n<td class=\"tdContenu\">-Gestion des ressources humaines<\/td>\n<td class=\"tdContenuR\">3 cr\u00e9dits<\/td>\n<\/tr>\n<tr class=\"L2\">\n<td class=\"tdContenu\">-Fran\u00e7ais commercial<\/td>\n<td class=\"tdContenuR\">2 cr\u00e9dits<\/td>\n<\/tr>\n<tr class=\"L1\">\n<td class=\"tdContenu\">-M\u00e9thode quantitative<\/td>\n<td class=\"tdContenuR\">3 cr\u00e9dits<\/td>\n<\/tr>\n<tr class=\"L2\">\n<td class=\"tdContenu\">-Macro\u00e9conomie<\/td>\n<td class=\"tdContenuR\">3 cr\u00e9dits<\/td>\n<\/tr>\n<tr class=\"L1\">\n<td class=\"tdContenu\">-Micro\u00e9conomie<\/td>\n<td class=\"tdContenuR\">3 cr\u00e9dits<\/td>\n<\/tr>\n<tr class=\"L2\">\n<td class=\"tdContenu\">-Gestion, planification et contr\u00f4le<\/td>\n<td class=\"tdContenuR\">3 cr\u00e9dits<\/td>\n<\/tr>\n<tr class=\"L1\">\n<td class=\"tdContenu\">-Principes de marketing<\/td>\n<td class=\"tdContenuR\">3 cr\u00e9dits<\/td>\n<\/tr>\n<tr class=\"L2\">\n<td class=\"tdContenu\">-Informatique appliqu\u00e9e \u00e0 la gestion<\/td>\n<td class=\"tdContenuR\">2 cr\u00e9dits<\/td>\n<\/tr>\n<tr class=\"L1\">\n<td class=\"tdContenu\">-Gestion des PME<\/td>\n<td class=\"tdContenuR\">3 cr\u00e9dits<\/td>\n<\/tr>\n<tr class=\"L1\">\n<td class=\"tdContenu\">-Le commerce international<\/td>\n<td class=\"tdContenuR\">3 cr\u00e9dits<\/td>\n<\/tr>\n<tr class=\"L2\">\n<td class=\"tdContenu\">-La n\u00e9gociation<\/td>\n<td class=\"tdContenuR\">3 cr\u00e9dits<\/td>\n<\/tr>\n<tr class=\"L1\">\n<td class=\"tdContenu\">-La gestion de la production et de la logistique<\/td>\n<td class=\"tdContenuR\">3 cr\u00e9dits<\/td>\n<\/tr>\n<tr class=\"L2\">\n<td class=\"tdContenu\"><strong><em>Total:<\/em><\/strong><\/td>\n<td class=\"tdContenu\"><strong><em>70 cr\u00e9dits<\/em><\/strong><\/td>\n<\/tr>\n<\/tbody>\n<\/table>\n<hr \/>\n\n\t\t<\/div> \n\t<\/div> \n\t<div class=\"wpb_text_column wpb_content_element \">\n\t\t<div class=\"wpb_wrapper\">\n\t\t\t<p><strong>Cours de bible obligatoire\u00a0<\/strong><\/p>\n<hr \/>\n<table style=\"height: 300px;\" border=\"0\" width=\"620\" cellspacing=\"1\">\n<tbody>\n<tr class=\"L1\">\n<td class=\"tdContenu\"><strong>Cours<\/strong><\/td>\n<td class=\"tdContenuR\"><strong>Cr\u00e9dits<\/strong><\/td>\n<\/tr>\n<tr class=\"L2\">\n<td class=\"tdContenu\">-Survol de l\u2019Ancien testament<\/td>\n<td class=\"tdContenuR\">3 cr\u00e9dits<\/td>\n<\/tr>\n<tr class=\"L1\">\n<td class=\"tdContenu\">-Survol du Nouveau Testament<\/td>\n<td class=\"tdContenuR\">3 cr\u00e9dits<\/td>\n<\/tr>\n<tr class=\"L2\">\n<td class=\"tdContenu\">-Pentateuque<\/td>\n<td class=\"tdContenuR\">3 cr\u00e9dits<\/td>\n<\/tr>\n<tr class=\"L1\">\n<td class=\"tdContenu\">-Les \u00e9vangiles<\/td>\n<td class=\"tdContenuR\">3 cr\u00e9dits<\/td>\n<\/tr>\n<tr class=\"L2\">\n<td class=\"tdContenu\">-Fondement de la foi I et II<\/td>\n<td class=\"tdContenuR\">4 cr\u00e9dits<\/td>\n<\/tr>\n<tr class=\"L1\">\n<td class=\"tdContenu\">-Bible au choix<\/td>\n<td class=\"tdContenuR\">2 cr\u00e9dits<\/td>\n<\/tr>\n<tr class=\"L2\">\n<td class=\"tdContenu\"><strong><em>Total:<\/em><\/strong><\/td>\n<td class=\"tdContenuR\"><strong><em>18 cr\u00e9dits<\/em><\/strong><\/td>\n<\/tr>\n<\/tbody>\n<\/table>\n\n\t\t<\/div> \n\t<\/div> <\/div><div id=\"sd-tab-cout-et-financement\" class=\"sd-tab\"><br \/>\n\n\t<div class=\"wpb_text_column wpb_content_element \">\n\t\t<div class=\"wpb_wrapper\">\n\t\t\t<p><strong>Aide financi\u00e8re<\/strong><\/p>\n<hr \/>\n<p><em>L\u2019Universit\u00e9 Providence d\u2019Ha\u00efti en collaboration avec ses partenaires offrent une aide financi\u00e8re \u00e0 une grande partie de la population estudiantine soit sous forme\u00a0 de bourses d\u2019\u00e9tudes ou de programme d\u2019emplois<\/em>.<\/p>\n<hr \/>\n\n\t\t<\/div> \n\t<\/div> \n\t<div class=\"wpb_text_column wpb_content_element \">\n\t\t<div class=\"wpb_wrapper\">\n\t\t\t<p><strong><a name=\"_Toc278017053\"><\/a><em>Programmes de bourses d\u2019\u00e9tudes<\/em><em>\u00a0<\/em><\/strong><\/p>\n<hr \/>\n<p><em>Veuillez contacter un conseiller financier pour voir si vous \u00eates qualifi\u00e9 et quelles sont les conditions de d\u00e9p\u00f4t de candidature.\u00a0Voici les diff\u00e9rents types de bourses d\u2019\u00e9tudes:<\/em><\/p>\n<ol>\n<li><em>Le prix Pierre Yves et Ghislaine Zamor, bourse d\u2019\u00e9tudes \u00e0 un jeune M\u00e9thodiste Libre de moins de 20 ans d\u00e9sirant \u00e9tudier la th\u00e9ologie<\/em><em>\u00a0<\/em><\/li>\n<\/ol>\n<ol start=\"2\">\n<li><em>Le prix \u00ab\u00a0Providence\u00a0\u00bb, bourse d\u2019\u00e9tudes \u00e0 un excellent ou une excellente \u00e9l\u00e8ve du Coll\u00e8ge Mixte la Providence ayant d\u00e9montr\u00e9 l\u2019excellence acad\u00e9mique, le leadership et l\u2019int\u00e9grit\u00e9 spirituelle.<\/em><em>\u00a0<\/em><\/li>\n<\/ol>\n<ol start=\"3\">\n<li><em>Le prix Jean Marc et Rose Michelle Zamor, bourse d\u2019\u00e9tudes \u00e0 une jeune postulante chr\u00e9tienne ayant d\u00e9montr\u00e9 le leadership Chr\u00e9tien, l\u2019excellence acad\u00e9mique et la curiosit\u00e9 intellectuelle voulant \u00e9tudier soit les sciences de l\u2019\u00e9ducation ou les sciences infirmi\u00e8res. Cette bourse ne couvre que l\u2019\u00e9colage.<\/em><em>\u00a0<\/em><\/li>\n<\/ol>\n<ol start=\"4\">\n<li><em>Le prix Acad\u00e9mie pour l\u2019\u00c9ducation et la Sant\u00e9 (AES) bourse d\u2019\u00e9tudes \u00e0 un jeune chr\u00e9tien ou une jeune chr\u00e9tienne ayant d\u00e9montr\u00e9 le leadership chr\u00e9tien, l\u2019excellence acad\u00e9mique et la curiosit\u00e9 intellectuelle voulant \u00e9tudier soit les sciences de l\u2019\u00e9ducation ou les sciences infirmi\u00e8res. Cette bourse ne couvre que les frais d\u2019\u00e9colage.<\/em><em>\u00a0<\/em><\/li>\n<\/ol>\n<ol start=\"5\">\n<li><em>Le prix Coll\u00e8ge d\u2019\u00c9ducation Moderne (CEM)\u00a0: bourse d\u2019\u00e9tudes \u00e0 un jeune Chr\u00e9tien ou une jeune chr\u00e9tienne ayant d\u00e9montr\u00e9 le leadership Chr\u00e9tien, l\u2019excellence acad\u00e9mique et la curiosit\u00e9 intellectuelle\u00a0 voulant \u00e9tudier soit les sciences de l\u2019\u00e9ducation et se sp\u00e9cialiser en \u00e9ducation de base.<\/em><em>\u00a0<\/em><\/li>\n<\/ol>\n<ol start=\"6\">\n<li><em>Le prix G\u00e9n\u00e9ration Espoir pour Ha\u00efti (GENESHA)\u00a0: bourse d\u2019\u00e9tudes \u00e0 un(e) jeune Chr\u00e9tien(ne) ayant d\u00e9montr\u00e9 le leadership Chr\u00e9tien, l\u2019excellence acad\u00e9mique et la curiosit\u00e9 intellectuelle voulant \u00e9tudier soit les sciences de l\u2019\u00e9ducation, la th\u00e9ologie ou les sciences infirmi\u00e8res.<\/em><em>\u00a0<\/em><\/li>\n<\/ol>\n<ol start=\"7\">\n<li><em>Bourse d\u2019\u00e9tudes talent athl\u00e9tique exceptionnel en foot-ball, basket-ball, volley-ball, tennis, natation et athl\u00e9tisme. <\/em><\/li>\n<\/ol>\n<ol start=\"8\">\n<li><em>Bourse d\u2019\u00e9tudes excellente vocaliste<\/em><em>\u00a0<\/em><\/li>\n<\/ol>\n<ol start=\"9\">\n<li><em>Bourse d\u2019\u00e9tudes \u00ab\u00a0Orchestre Philarmonique Jean Marc Zamor de l\u2019Universit\u00e9 Providence d\u2019Ha\u00efti\u00a0\u00bb<\/em><em>\u00a0<\/em><\/li>\n<\/ol>\n<ol start=\"10\">\n<li><em>Bourse d\u2019\u00e9tudes acad\u00e9mique excellence et leadership Chr\u00e9tien Ian Van Norman\u00a0: L\u2019UPROH offre un certain nombre de bourses d\u2019\u00e9tude \u00e0 des \u00e9tudiants Chr\u00e9tiens brillants ayant d\u00e9montr\u00e9 une capacit\u00e9 acad\u00e9mique extraordinaire et un esprit de service model\u00e9 sur Christ.<\/em><em>\u00a0<\/em><\/li>\n<\/ol>\n<ol start=\"11\">\n<li><em>Bourse d\u2019\u00e9tudes acad\u00e9mique excellence et leadership Chr\u00e9tien Projet Caleb\u00a0: L\u2019UPROH offre un certain nombre de bourses d\u2019\u00e9tude \u00e0 des \u00e9tudiants Chr\u00e9tiens brillants ayant d\u00e9montr\u00e9 une capacit\u00e9 acad\u00e9mique extraordinaire et un esprit de service model\u00e9 sur Christ. Ces \u00e9tudiants doivent avoir un cumulatif d\u2019au moins 36 cr\u00e9dits et une moyenne sup\u00e9rieure \u00e0 3.00.<\/em><em style=\"line-height: 1.5;\">\u00a0<\/em><\/li>\n<\/ol>\n<ol start=\"12\">\n<li><em>Bourse d\u2019\u00e9tudes Fondation M\u00e9thodiste Libre\u00a0: bourse d\u2019\u00e9tude \u00e0 un jeune Chr\u00e9tien de l\u2019\u00e9glise M\u00e9thodiste Libre ayant d\u00e9montr\u00e9 le leadership Chr\u00e9tien, l\u2019excellence acad\u00e9mique et la curiosit\u00e9 intellectuelle.<\/em><\/li>\n<\/ol>\n<hr \/>\n\n\t\t<\/div> \n\t<\/div> \n\t<div class=\"wpb_text_column wpb_content_element \">\n\t\t<div class=\"wpb_wrapper\">\n\t\t\t<p><strong>Programme d\u2019emplois<\/strong><\/p>\n<hr \/>\n<p><em>Un programme d\u2019emplois est con\u00e7u pour permettre aux \u00e9tudiants de trouver les moyens de payer l\u2019universit\u00e9. Les possibilit\u00e9s d\u2019emplois comprennent\u00a0des travaux au niveau\u00a0:<\/em><\/p>\n<ol>\n<li><em>De la caf\u00e9t\u00e9ria<\/em><\/li>\n<li><em>De l\u2019entretien des immeubles et de la cour<\/em><\/li>\n<li><em>Des services g\u00e9n\u00e9raux<\/em><\/li>\n<li><em>Du transport<\/em><\/li>\n<li><em>Du bureau des postes<\/em><\/li>\n<li><em>De service d\u2019accueil<\/em><\/li>\n<li><em>Du service multim\u00e9dia<\/em><\/li>\n<li><em>De la construction<\/em><\/li>\n<li><em>De la s\u00e9curit\u00e9 <\/em><\/li>\n<li><em>Des dortoirs<\/em><\/li>\n<li><em>De la ferme agricole<\/em><\/li>\n<li><em>Du service de marketing<\/em><\/li>\n<li><em>Du Centre de Recherche de l\u2019Universit\u00e9<\/em><\/li>\n<\/ol>\n<hr \/>\n\n\t\t<\/div> \n\t<\/div> \n\t<div class=\"wpb_text_column wpb_content_element \">\n\t\t<div class=\"wpb_wrapper\">\n\t\t\t<p><strong>Frais de subsistance<\/strong><\/p>\n<hr \/>\n<table style=\"height: 446px;\" border=\"0\" width=\"618\" cellspacing=\"1\">\n<tbody>\n<tr class=\"L1\">\n<td class=\"tdContenu\">Ecolage<\/td>\n<td class=\"tdContenuR\">1500 gourdes\/cr\u00e9dits<\/td>\n<\/tr>\n<tr class=\"L2\">\n<td class=\"tdContenu\">Travaux pratiques<\/td>\n<td class=\"tdContenuR\">\u00a01500 gourdes\/cr\u00e9dits<\/td>\n<\/tr>\n<tr class=\"L1\">\n<td class=\"tdContenu\">Frais de laboratoire<\/td>\n<td class=\"tdContenuR\">1500 gourdes\/cr\u00e9dits<\/td>\n<\/tr>\n<tr class=\"L2\">\n<td class=\"tdContenu\">Frais d&rsquo;inscription trimestriel<\/td>\n<td class=\"tdContenuR\">500 gourdes<\/td>\n<\/tr>\n<tr class=\"L1\">\n<td class=\"tdContenu\">Utilisation de la salle de culture physique (optionnelle)<\/td>\n<td class=\"tdContenuR\">300 gourdes<\/td>\n<\/tr>\n<tr class=\"L2\">\n<td class=\"tdContenu\">Premi\u00e8re installation aux dortoirs (non remboursable)<\/td>\n<td class=\"tdContenuR\">5000 gourdes<\/td>\n<\/tr>\n<tr class=\"L1\">\n<td class=\"tdContenu\">Chambre session longue<\/td>\n<td class=\"tdContenuR\">1500 gourdes\/ trimestre<\/td>\n<\/tr>\n<tr class=\"L2\">\n<td class=\"tdContenu\">Chambres session courte<\/td>\n<td class=\"tdContenuR\">800 gourdes<\/td>\n<\/tr>\n<tr class=\"L1\">\n<td class=\"tdContenu\">Nourriture session longue<\/td>\n<td class=\"tdContenuR\">9265 gourdes<\/td>\n<\/tr>\n<tr class=\"L2\">\n<td class=\"tdContenu\">Nourriture session courte<\/td>\n<td class=\"tdContenuR\">2625 gourdes<\/td>\n<\/tr>\n<tr class=\"L1\">\n<td class=\"tdContenu\">Retard d&rsquo;enregistrement<\/td>\n<td class=\"tdContenuR\">500 gourdes<\/td>\n<\/tr>\n<tr class=\"L2\">\n<td class=\"tdContenu\">Frais de stage<\/td>\n<td class=\"tdContenuR\">A d\u00e9terminer<\/td>\n<\/tr>\n<tr class=\"L1\">\n<td class=\"tdContenu\">Frais d&rsquo;obtention d&rsquo;un relev\u00e9 officiel des notes<\/td>\n<td class=\"tdContenuR\">750 gourdes\/copie<\/td>\n<\/tr>\n<tr class=\"L2\">\n<td class=\"tdContenu\">Frais par attestation d&rsquo;enregistrement aux cours<\/td>\n<td class=\"tdContenuR\">750 gourdes<\/td>\n<\/tr>\n<tr class=\"L1\">\n<td class=\"tdContenu\">Frais de coiffe<\/td>\n<td class=\"tdContenuR\">A d\u00e9terminer<\/td>\n<\/tr>\n<tr class=\"L2\">\n<td class=\"tdContenu\">Frais d&rsquo;utilisation du service d&rsquo;internet<\/td>\n<td class=\"tdContenuR\">Optionnel<\/td>\n<\/tr>\n<tr class=\"L1\">\n<td class=\"tdContenu\">Frais de carte d&rsquo;\u00e9tudiant<\/td>\n<td class=\"tdContenuR\">150 gourdes<\/td>\n<\/tr>\n<tr class=\"L2\">\n<td class=\"tdContenu\">Frais de dipl\u00f4me<\/td>\n<td class=\"tdContenuR\">A d\u00e9terminer<\/td>\n<\/tr>\n<tr class=\"L1\">\n<td class=\"tdContenu\">Frais de d&rsquo;infirmerie<\/td>\n<td class=\"tdContenuR\">A d\u00e9terminer<\/td>\n<\/tr>\n<\/tbody>\n<\/table>\n\n\t\t<\/div> \n\t<\/div> <br \/>\n<\/div><div id=\"sd-tab-structure-annuelle\" class=\"sd-tab\"><br \/>\n\n\t<div class=\"wpb_text_column wpb_content_element \">\n\t\t<div class=\"wpb_wrapper\">\n\t\t\t<table border=\"0\" width=\"478\" cellspacing=\"1\">\n<tbody>\n<tr class=\"L1\">\n<td class=\"tdContenu\">1er trimestre(Octobre-Novembre-D\u00e9cembre \u2013 10 semaines)<\/td>\n<td class=\"tdContenuR\">10 cr\u00e9dits<\/td>\n<\/tr>\n<tr class=\"L2\">\n<td class=\"tdContenu\">Session Interm\u00e9diaire 1 (Janvier- 2 semaines)<\/td>\n<td class=\"tdContenuR\">3 cr\u00e9dits<\/td>\n<\/tr>\n<tr class=\"L1\">\n<td class=\"tdContenu\">2\u00e8me trimestre(f\u00e9vrier-Mars-Avril 10 Semaines)<\/td>\n<td class=\"tdContenuR\">10 cr\u00e9dits<\/td>\n<\/tr>\n<tr class=\"L2\">\n<td class=\"tdContenu\">Session Interm\u00e9diaire 2 (Mai-2 semaines)<\/td>\n<td class=\"tdContenuR\">3 cr\u00e9dits<\/td>\n<\/tr>\n<tr class=\"L1\">\n<td class=\"tdContenu\">3\u00e8me trimestre(Juin-Juillet-Ao\u00fbt 10 semaines)<\/td>\n<td class=\"tdContenuR\">10 cr\u00e9dits<\/td>\n<\/tr>\n<\/tbody>\n<\/table>\n\n\t\t<\/div> \n\t<\/div> <br \/>\n<\/div><div id=\"sd-tab-plan-de-cours\" class=\"sd-tab\">\n\t<div class=\"wpb_text_column wpb_content_element \">\n\t\t<div class=\"wpb_wrapper\">\n\t\t\t<table border=\"0\" width=\"720\" cellspacing=\"1\">\n<tbody>\n<tr class=\"tdTitreAnne\">\n<td><strong>Ann\u00e9e 1<\/strong><\/td>\n<\/tr>\n<tr class=\"tdTrimestre\">\n<td><strong>1er trimestre<\/strong><\/td>\n<td><strong>Session Interm\u00e9diaire 1<\/strong><\/td>\n<td><strong>2\u00e8me trimestre<\/strong><\/td>\n<td><strong>Session Interm\u00e9diaire 2<\/strong><\/td>\n<td><strong>3\u00e8me trimestre<\/strong><\/td>\n<\/tr>\n<tr class=\"tdContenu_trimestre\">\n<td>Orientation<br \/>\nSurvol Ancien Testament<br \/>\nComposition Fran\u00e7aise<br \/>\nAnglais ou espagnol<br \/>\nInformatique<\/td>\n<td>Psychologie G\u00e9n\u00e9rale<\/td>\n<td>Survol Nouveau testament<br \/>\nAnglais ou espagnol<br \/>\nRecherche et rh\u00e9torique<br \/>\nComptabilit\u00e9 Principe<\/td>\n<td>Math\u00e9matiques<\/td>\n<td>Introduction \u00e0 la litt\u00e9rature<br \/>\nintroduction \u00e0 la sociologie<br \/>\nArt Oratoire<br \/>\nComptabilit\u00e9 Principe II<br \/>\nEducation Physique\/ Art ou Musique au choix<\/td>\n<\/tr>\n<\/tbody>\n<\/table>\n\n\t\t<\/div> \n\t<\/div> \n\t<div class=\"wpb_text_column wpb_content_element \">\n\t\t<div class=\"wpb_wrapper\">\n\t\t\t<table border=\"0\" width=\"720\" cellspacing=\"1\">\n<tbody>\n<tr class=\"tdTitreAnne\">\n<td><strong>Ann\u00e9e 2<\/strong><\/td>\n<\/tr>\n<tr class=\"tdTrimestre\">\n<td><strong>1er trimestre<\/strong><\/td>\n<td><strong>Session Interm\u00e9diaire 1<\/strong><\/td>\n<td><strong>2\u00e8me trimestre<\/strong><\/td>\n<td><strong>Session Interm\u00e9diaire 2<\/strong><\/td>\n<td><strong>3\u00e8me trimestre<\/strong><\/td>\n<\/tr>\n<tr class=\"tdContenu_trimestre\">\n<td>Sciences sociales 1<br \/>\nPentateuque<br \/>\nPhilosophie\/Worldview<br \/>\nComptabilit\u00e9 Interm\u00e9diaire I<\/td>\n<td>Math\u00e9matique Financi\u00e8re<\/td>\n<td>Sciences sociales 2<br \/>\nLes \u00e9vangiles<br \/>\nComptabilit\u00e9 interm\u00e9diaire 2<br \/>\nFinance I<\/td>\n<td>Informatique appliqu\u00e9 \u00e0 la gestion<\/td>\n<td>Finance II<br \/>\nMAT 2202 Statistique<\/td>\n<\/tr>\n<\/tbody>\n<\/table>\n\n\t\t<\/div> \n\t<\/div> \n\t<div class=\"wpb_text_column wpb_content_element \">\n\t\t<div class=\"wpb_wrapper\">\n\t\t\t<table border=\"0\" width=\"720\" cellspacing=\"1\">\n<tbody>\n<tr class=\"tdTitreAnne\">\n<td><strong>Ann\u00e9e 3<\/strong><\/td>\n<\/tr>\n<tr class=\"tdTrimestre\">\n<td><strong>1er trimestre<\/strong><\/td>\n<td><strong>Session Interm\u00e9diaire 1<\/strong><\/td>\n<td><strong>2\u00e8me trimestre<\/strong><\/td>\n<td><strong>Session Interm\u00e9diaire 2<\/strong><\/td>\n<td><strong>3\u00e8me trimestre<\/strong><\/td>\n<\/tr>\n<tr class=\"tdContenu_trimestre\">\n<td>Fondement de la foi I<br \/>\nGestion, planification et gestion<br \/>\nPrix de revient I<br \/>\nDroit des affaires I<\/td>\n<td>Sciences biologiques<\/td>\n<td>Fondement de la foi II<br \/>\nPrix de revient II<br \/>\nGestion des ressources Humaines<br \/>\nDroit des affaires II<br \/>\nFran\u00e7ais commercial<\/td>\n<td>Sciences physiques<\/td>\n<td>V\u00e9rification 3<br \/>\nM\u00e9thode quantitative 3<\/td>\n<\/tr>\n<\/tbody>\n<\/table>\n\n\t\t<\/div> \n\t<\/div> \n\t<div class=\"wpb_text_column wpb_content_element \">\n\t\t<div class=\"wpb_wrapper\">\n\t\t\t<table border=\"0\" width=\"710\" cellspacing=\"1\">\n<tbody>\n<tr class=\"tdTitreAnne\">\n<td><strong>Ann\u00e9e 4<\/strong><\/td>\n<\/tr>\n<tr class=\"tdTrimestre\">\n<td><strong>1er trimestre<\/strong><\/td>\n<td><strong>Session Interm\u00e9diaire 1<\/strong><\/td>\n<td><strong>2\u00e8me trimestre<\/strong><\/td>\n<td><strong>Session Interm\u00e9diaire 2<\/strong><\/td>\n<td><strong>3\u00e8me trimestre<\/strong><\/td>\n<\/tr>\n<tr class=\"tdContenu_trimestre\">\n<td>-Bible au choix<br \/>\n-Commerce International<br \/>\n-Macro\u00e9conomie<br \/>\n-Le leadership<\/td>\n<td>-La n\u00e9gociation<\/td>\n<td>-Principe de marketing<br \/>\n-La gestion de la production et de la logistique<br \/>\n-Micro\u00e9conomie<br \/>\n-La planification strat\u00e9gique et les politiques d&rsquo;entreprises<\/td>\n<td><\/td>\n<td>Stage<br \/>\nM\u00e9moire<\/td>\n<\/tr>\n<\/tbody>\n<\/table>\n\n\t\t<\/div> \n\t<\/div> <\/div><\/div><\/div>\n\t\t<\/div> \n\t<\/div> \n<\/div>\n","protected":false},"excerpt":{"rendered":"<p><a class=\"more-link\" href=\"http:\/\/uprohhaiti.com\/uproh\/fr\/licence_en_phytotechnie\/#more-867\">Read More<\/a><\/p>\n","protected":false},"author":1,"featured_media":0,"parent":0,"menu_order":0,"comment_status":"closed","ping_status":"closed","template":"","meta":[],"_links":{"self":[{"href":"http:\/\/uprohhaiti.com\/uproh\/wp-json\/wp\/v2\/pages\/867"}],"collection":[{"href":"http:\/\/uprohhaiti.com\/uproh\/wp-json\/wp\/v2\/pages"}],"about":[{"href":"http:\/\/uprohhaiti.com\/uproh\/wp-json\/wp\/v2\/types\/page"}],"author":[{"embeddable":true,"href":"http:\/\/uprohhaiti.com\/uproh\/wp-json\/wp\/v2\/users\/1"}],"replies":[{"embeddable":true,"href":"http:\/\/uprohhaiti.com\/uproh\/wp-json\/wp\/v2\/comments?post=867"}],"version-history":[{"count":2,"href":"http:\/\/uprohhaiti.com\/uproh\/wp-json\/wp\/v2\/pages\/867\/revisions"}],"predecessor-version":[{"id":875,"href":"http:\/\/uprohhaiti.com\/uproh\/wp-json\/wp\/v2\/pages\/867\/revisions\/875"}],"wp:attachment":[{"href":"http:\/\/uprohhaiti.com\/uproh\/wp-json\/wp\/v2\/media?parent=867"}],"curies":[{"name":"wp","href":"https:\/\/api.w.org\/{rel}","templated":true}]}}